{"id":2,"date":"2018-07-02T10:43:05","date_gmt":"2018-07-02T10:43:05","guid":{"rendered":"https:\/\/geventi.de\/?page_id=2"},"modified":"2018-08-22T15:52:03","modified_gmt":"2018-08-22T15:52:03","slug":"sample-page","status":"publish","type":"page","link":"https:\/\/geventi.de\/","title":{"rendered":"Geventi"},"content":{"rendered":"<div id='full_slider_1'  class='avia-fullwidth-slider main_color avia-shadow   avia-builder-el-0  el_before_av_heading  avia-builder-el-first   container_wrap sidebar_right'  ><div  class='avia-slideshow av-jju17knm-0944ca5cd37f606146c5808693f86ad2 avia-slideshow-no scaling av_slideshow_full avia-fade-slider av-slideshow-ui av-control-minimal av-slideshow-autoplay av-loop-endless av-loop-manual-endless av-default-height-applied   avia-slideshow-1' data-slideshow-options=\"{&quot;animation&quot;:&quot;fade&quot;,&quot;autoplay&quot;:true,&quot;loop_autoplay&quot;:&quot;endless&quot;,&quot;interval&quot;:3,&quot;loop_manual&quot;:&quot;manual-endless&quot;,&quot;autoplay_stopper&quot;:false,&quot;noNavigation&quot;:false,&quot;bg_slider&quot;:false,&quot;keep_padding&quot;:false,&quot;hoverpause&quot;:false,&quot;show_slide_delay&quot;:0}\"  itemprop=\"image\" itemscope=\"itemscope\" itemtype=\"https:\/\/schema.org\/ImageObject\" ><ul class='avia-slideshow-inner ' style='padding-bottom: 53.68%;'><li  class='avia-slideshow-slide av-jju17knm-0944ca5cd37f606146c5808693f86ad2__0  slide-1 slide-odd'><div data-rel='slideshow-1' class='avia-slide-wrap '   ><img fetchpriority=\"high\" class=\"wp-image-16 avia-img-lazy-loading-not-16\"  src='https:\/\/geventi.de\/wp-content\/uploads\/2018\/07\/b3.jpg' width='2500' height='1342' title='b3' alt=''  itemprop=\"thumbnailUrl\"   \/><\/div><\/li><li  class='avia-slideshow-slide av-jju17knm-0944ca5cd37f606146c5808693f86ad2__1  slide-2 slide-even'><div data-rel='slideshow-1' class='avia-slide-wrap '   ><img fetchpriority=\"high\" class=\"wp-image-18 avia-img-lazy-loading-not-18\"  src='https:\/\/geventi.de\/wp-content\/uploads\/2018\/07\/b5.jpg' width='2500' height='1342' title='b5' alt=''  itemprop=\"thumbnailUrl\"   \/><\/div><\/li><li  class='avia-slideshow-slide av-jju17knm-0944ca5cd37f606146c5808693f86ad2__2  slide-3 slide-odd'><div data-rel='slideshow-1' class='avia-slide-wrap '   ><img fetchpriority=\"high\" class=\"wp-image-17 avia-img-lazy-loading-not-17\"  src='https:\/\/geventi.de\/wp-content\/uploads\/2018\/07\/b4.jpg' width='2500' height='1342' title='b4' alt=''  itemprop=\"thumbnailUrl\"   \/><\/div><\/li><li  class='avia-slideshow-slide av-jju17knm-0944ca5cd37f606146c5808693f86ad2__3  slide-4 slide-even'><div data-rel='slideshow-1' class='avia-slide-wrap '   ><img fetchpriority=\"high\" class=\"wp-image-19 avia-img-lazy-loading-not-19\"  src='https:\/\/geventi.de\/wp-content\/uploads\/2018\/07\/b6.jpg' width='2500' height='1342' title='b6' alt=''  itemprop=\"thumbnailUrl\"   \/><\/div><\/li><li  class='avia-slideshow-slide av-jju17knm-0944ca5cd37f606146c5808693f86ad2__4  slide-5 slide-odd'><div data-rel='slideshow-1' class='avia-slide-wrap '   ><img fetchpriority=\"high\" class=\"wp-image-20 avia-img-lazy-loading-not-20\"  src='https:\/\/geventi.de\/wp-content\/uploads\/2018\/07\/b7.jpg' width='2500' height='1342' title='b7' alt=''  itemprop=\"thumbnailUrl\"   \/><\/div><\/li><\/ul><div class='avia-slideshow-arrows avia-slideshow-controls' ><a href='#prev' class='prev-slide  avia-svg-icon avia-font-svg_entypo-fontello' data-av_svg_icon='left-open-big' data-av_iconset='svg_entypo-fontello' tabindex='-1' title=\"Zur\u00fcck\"><svg version=\"1.1\" xmlns=\"http:\/\/www.w3.org\/2000\/svg\" width=\"15\" height=\"32\" viewBox=\"0 0 15 32\" preserveAspectRatio=\"xMidYMid meet\" aria-labelledby='av-svg-title-1' aria-describedby='av-svg-desc-1' role=\"graphics-symbol\" aria-hidden=\"true\">\n<title id='av-svg-title-1'>Zur\u00fcck<\/title>\n<desc id='av-svg-desc-1'>Zur\u00fcck<\/desc>\n<path d=\"M14.464 27.84q0.832 0.832 0 1.536-0.832 0.832-1.536 0l-12.544-12.608q-0.768-0.768 0-1.6l12.544-12.608q0.704-0.832 1.536 0 0.832 0.704 0 1.536l-11.456 11.904z\"><\/path>\n<\/svg><span class='avia_hidden_link_text'>Zur\u00fcck<\/span><\/a><a href='#next' class='next-slide  avia-svg-icon avia-font-svg_entypo-fontello' data-av_svg_icon='right-open-big' data-av_iconset='svg_entypo-fontello' tabindex='-1' title=\"Weiter\"><svg version=\"1.1\" xmlns=\"http:\/\/www.w3.org\/2000\/svg\" width=\"15\" height=\"32\" viewBox=\"0 0 15 32\" preserveAspectRatio=\"xMidYMid meet\" aria-labelledby='av-svg-title-2' aria-describedby='av-svg-desc-2' role=\"graphics-symbol\" aria-hidden=\"true\">\n<title id='av-svg-title-2'>Weiter<\/title>\n<desc id='av-svg-desc-2'>Weiter<\/desc>\n<path d=\"M0.416 27.84l11.456-11.84-11.456-11.904q-0.832-0.832 0-1.536 0.832-0.832 1.536 0l12.544 12.608q0.768 0.832 0 1.6l-12.544 12.608q-0.704 0.832-1.536 0-0.832-0.704 0-1.536z\"><\/path>\n<\/svg><span class='avia_hidden_link_text'>Weiter<\/span><\/a><\/div><div class='avia-slideshow-dots avia-slideshow-controls'><a href='#1' class='goto-slide active' >1<\/a><a href='#2' class='goto-slide ' >2<\/a><a href='#3' class='goto-slide ' >3<\/a><a href='#4' class='goto-slide ' >4<\/a><a href='#5' class='goto-slide ' >5<\/a><\/div><\/div><\/div><div id='after_full_slider_1'  class='main_color av_default_container_wrap container_wrap sidebar_right'  ><div class='container av-section-cont-open' ><div class='template-page content  av-content-small alpha units'><div class='post-entry post-entry-type-page post-entry-2'><div class='entry-content-wrapper clearfix'>\n\n<style type=\"text\/css\" data-created_by=\"avia_inline_auto\" id=\"style-css-av-av_heading-e6fccb387b063ee766c76d549629b4de\">\n#top .av-special-heading.av-av_heading-e6fccb387b063ee766c76d549629b4de{\npadding-bottom:10px;\n}\nbody .av-special-heading.av-av_heading-e6fccb387b063ee766c76d549629b4de .av-special-heading-tag .heading-char{\nfont-size:25px;\n}\n.av-special-heading.av-av_heading-e6fccb387b063ee766c76d549629b4de .av-subheading{\nfont-size:15px;\n}\n<\/style>\n<div  class='av-special-heading av-av_heading-e6fccb387b063ee766c76d549629b4de av-special-heading-h3 blockquote modern-quote  avia-builder-el-1  el_after_av_slideshow_full  el_before_av_one_half  avia-builder-el-first '><h3 class='av-special-heading-tag '  itemprop=\"headline\"  >Willkommen bei Geventi Creative Catering<\/h3><div class=\"special-heading-border\"><div class=\"special-heading-inner-border\"><\/div><\/div><\/div>\n\n<style type=\"text\/css\" data-created_by=\"avia_inline_auto\" id=\"style-css-av-5ati-cca72fd7783fc392fda515c653b3a2d9\">\n.flex_column.av-5ati-cca72fd7783fc392fda515c653b3a2d9{\nborder-radius:0px 0px 0px 0px;\npadding:0px 0px 0px 0px;\n}\n<\/style>\n<div  class='flex_column av-5ati-cca72fd7783fc392fda515c653b3a2d9 av_one_half  avia-builder-el-2  el_after_av_heading  el_before_av_one_half  first flex_column_div av-zero-column-padding  '     ><style type=\"text\/css\" data-created_by=\"avia_inline_auto\" id=\"style-css-av-jjubq7ls-3127c7e661ae67774a937dd7c6a817d8\">\n#top .av_textblock_section.av-jjubq7ls-3127c7e661ae67774a937dd7c6a817d8 .avia_textblock{\nfont-size:12px;\n}\n<\/style>\n<section  class='av_textblock_section av-jjubq7ls-3127c7e661ae67774a937dd7c6a817d8 '   itemscope=\"itemscope\" itemtype=\"https:\/\/schema.org\/CreativeWork\" ><div class='avia_textblock'  itemprop=\"text\" ><p>Ist Ihr Fullservice Cateringpartner f\u00fcr 10 \u2013 2.500 Personen an dem Ort Ihrer Wahl. 100% professionell und kreativ. Profitieren Sie von unserem Netzwerk aus Gastronomie, Logistik und Technik. Unser kulinarisches Repertoire reicht von Regional-Food \u00fcber Italienisch, Franz\u00f6sisch, Asia, Crossover, Grill &amp; BBQ bis hin zu Sushi. Vom 1. Moment bis zum letzten Gast sind wir bei Ihnen. Geventi Food-Styles umfassen Fingerfood, Flying Buffet, Live Cooking, klassisches Buffet, glanzvolles Galadinner oder Streetfoot \u2013 stilecht aus dem eigenen Original- Airstream serviert \u2013. Vom 1. Moment bis zum letzten Gast ist das Giannetti-Team da. Unsere Crew umfasst Baristas, Barkeeper, ausgebildete Servicekr\u00e4fte, Profik\u00f6che, Technik- und Dekofachleute, Projekt- und Logistikteams.<\/p>\n<\/div><\/section><\/div>\n\n<style type=\"text\/css\" data-created_by=\"avia_inline_auto\" id=\"style-css-av-2xne-06b655c94fe90a5f80aa54557cc3ea45\">\n.flex_column.av-2xne-06b655c94fe90a5f80aa54557cc3ea45{\nborder-radius:0px 0px 0px 0px;\npadding:0px 0px 0px 0px;\n}\n<\/style>\n<div  class='flex_column av-2xne-06b655c94fe90a5f80aa54557cc3ea45 av_one_half  avia-builder-el-4  el_after_av_one_half  el_before_av_fullscreen  avia-builder-el-last  flex_column_div av-zero-column-padding  '     ><style type=\"text\/css\" data-created_by=\"avia_inline_auto\" id=\"style-css-av-jjuc09ci-e1ef836136953ce02ce3ebb9c6e1e396\">\n#top .av_textblock_section.av-jjuc09ci-e1ef836136953ce02ce3ebb9c6e1e396 .avia_textblock{\nfont-size:12px;\n}\n<\/style>\n<section  class='av_textblock_section av-jjuc09ci-e1ef836136953ce02ce3ebb9c6e1e396 '   itemscope=\"itemscope\" itemtype=\"https:\/\/schema.org\/CreativeWork\" ><div class='avia_textblock'  itemprop=\"text\" ><p>Der Name <b>GEVENTI <\/b>leitet sich aus den jahrzehntelangen Erfahrungen von Franco Giannetti im Cateringgesch\u00e4ft ab und steht symbolisch f\u00fcr unsere innovativen Events und Ihre pers\u00f6nliche Betreuung. Unsere Referenzen sprechen f\u00fcr sich: National Bank Essen, Deichmann, EU Stakeholder Forum, Dior, Air Liquid, Sparkase Essen, Evonik, Rheinische Post, EON, RAG Stiftung, Thyssen Krupp, ifm, HochTief, DB Schenker, Funke Medien Gruppe, GFKL, RWE, Porstep, Merck &amp; Finck Privatbankiers, HDI Gerling Versicherung, Soudronic uvam.<\/p>\n<\/div><\/section><\/div>\n<\/div><\/div><\/div><!-- close content main div --><\/div><\/div><div   class='avia-fullscreen-slider main_color   avia-builder-el-6  el_after_av_one_half  el_before_av_heading  slider-not-first container_wrap sidebar_right'  ><div  class='avia-slideshow av-jjubgmdr-4312aafb55a0a0cc4fc92b064ac26571 avia-slideshow-no scaling av_fullscreen avia-fade-slider av-slideshow-ui av-control-minimal av-slideshow-autoplay av-loop-endless av-loop-manual-endless av-default-height-applied   avia-slideshow-2' data-slideshow-options=\"{&quot;animation&quot;:&quot;fade&quot;,&quot;autoplay&quot;:true,&quot;loop_autoplay&quot;:&quot;endless&quot;,&quot;interval&quot;:2,&quot;loop_manual&quot;:&quot;manual-endless&quot;,&quot;autoplay_stopper&quot;:false,&quot;noNavigation&quot;:false,&quot;bg_slider&quot;:true,&quot;keep_padding&quot;:false,&quot;hoverpause&quot;:false,&quot;show_slide_delay&quot;:0,&quot;slide_height&quot;:&quot;100&quot;,&quot;image_attachment&quot;:&quot;&quot;}\"  itemprop=\"image\" itemscope=\"itemscope\" itemtype=\"https:\/\/schema.org\/ImageObject\" ><ul class='avia-slideshow-inner ' style='padding-bottom: 53.68%;'><li style='background-position:center center;' data-img-url='https:\/\/geventi.de\/wp-content\/uploads\/2018\/07\/b9.jpg' class='avia-slideshow-slide av-jjubgmdr-4312aafb55a0a0cc4fc92b064ac26571__0  slide-1 slide-odd'><div data-rel='slideshow-2' class='avia-slide-wrap '   ><\/div><\/li><li style='background-position:center center;' data-img-url='https:\/\/geventi.de\/wp-content\/uploads\/2018\/07\/b8.jpg' class='avia-slideshow-slide av-jjubgmdr-4312aafb55a0a0cc4fc92b064ac26571__1  slide-2 slide-even'><div data-rel='slideshow-2' class='avia-slide-wrap '   ><\/div><\/li><\/ul><div class='avia-slideshow-arrows avia-slideshow-controls' ><a href='#prev' class='prev-slide  avia-svg-icon avia-font-svg_entypo-fontello' data-av_svg_icon='left-open-big' data-av_iconset='svg_entypo-fontello' tabindex='-1' title=\"Zur\u00fcck\"><svg version=\"1.1\" xmlns=\"http:\/\/www.w3.org\/2000\/svg\" width=\"15\" height=\"32\" viewBox=\"0 0 15 32\" preserveAspectRatio=\"xMidYMid meet\" aria-labelledby='av-svg-title-3' aria-describedby='av-svg-desc-3' role=\"graphics-symbol\" aria-hidden=\"true\">\n<title id='av-svg-title-3'>Zur\u00fcck<\/title>\n<desc id='av-svg-desc-3'>Zur\u00fcck<\/desc>\n<path d=\"M14.464 27.84q0.832 0.832 0 1.536-0.832 0.832-1.536 0l-12.544-12.608q-0.768-0.768 0-1.6l12.544-12.608q0.704-0.832 1.536 0 0.832 0.704 0 1.536l-11.456 11.904z\"><\/path>\n<\/svg><span class='avia_hidden_link_text'>Zur\u00fcck<\/span><\/a><a href='#next' class='next-slide  avia-svg-icon avia-font-svg_entypo-fontello' data-av_svg_icon='right-open-big' data-av_iconset='svg_entypo-fontello' tabindex='-1' title=\"Weiter\"><svg version=\"1.1\" xmlns=\"http:\/\/www.w3.org\/2000\/svg\" width=\"15\" height=\"32\" viewBox=\"0 0 15 32\" preserveAspectRatio=\"xMidYMid meet\" aria-labelledby='av-svg-title-4' aria-describedby='av-svg-desc-4' role=\"graphics-symbol\" aria-hidden=\"true\">\n<title id='av-svg-title-4'>Weiter<\/title>\n<desc id='av-svg-desc-4'>Weiter<\/desc>\n<path d=\"M0.416 27.84l11.456-11.84-11.456-11.904q-0.832-0.832 0-1.536 0.832-0.832 1.536 0l12.544 12.608q0.768 0.832 0 1.6l-12.544 12.608q-0.704 0.832-1.536 0-0.832-0.704 0-1.536z\"><\/path>\n<\/svg><span class='avia_hidden_link_text'>Weiter<\/span><\/a><\/div><div class='avia-slideshow-dots avia-slideshow-controls'><a href='#1' class='goto-slide active' >1<\/a><a href='#2' class='goto-slide ' >2<\/a><\/div><\/div><\/div><div id='after_full_slider_1'  class='main_color av_default_container_wrap container_wrap sidebar_right'  ><div class='container av-section-cont-open' ><div class='template-page content  av-content-small alpha units'><div class='post-entry post-entry-type-page post-entry-2'><div class='entry-content-wrapper clearfix'>\n\n<style type=\"text\/css\" data-created_by=\"avia_inline_auto\" id=\"style-css-av-av_heading-f4a646e65663b2a980f3411fefb3b37b\">\n#top .av-special-heading.av-av_heading-f4a646e65663b2a980f3411fefb3b37b{\npadding-bottom:10px;\n}\nbody .av-special-heading.av-av_heading-f4a646e65663b2a980f3411fefb3b37b .av-special-heading-tag .heading-char{\nfont-size:25px;\n}\n.av-special-heading.av-av_heading-f4a646e65663b2a980f3411fefb3b37b .av-subheading{\nfont-size:15px;\n}\n<\/style>\n<div  class='av-special-heading av-av_heading-f4a646e65663b2a980f3411fefb3b37b av-special-heading-h3 blockquote modern-quote  avia-builder-el-7  el_after_av_fullscreen  el_before_av_one_half  avia-builder-el-first '><h3 class='av-special-heading-tag '  itemprop=\"headline\"  >Auszug aus unseren Referenzen<\/h3><div class=\"special-heading-border\"><div class=\"special-heading-inner-border\"><\/div><\/div><\/div>\n\n<style type=\"text\/css\" data-created_by=\"avia_inline_auto\" id=\"style-css-av-5o3k-d6499d9751c64054d5d4915ecf152f35\">\n.flex_column.av-5o3k-d6499d9751c64054d5d4915ecf152f35{\nborder-radius:0px 0px 0px 0px;\npadding:0px 0px 0px 0px;\n}\n<\/style>\n<div  class='flex_column av-5o3k-d6499d9751c64054d5d4915ecf152f35 av_one_half  avia-builder-el-8  el_after_av_heading  el_before_av_one_half  first flex_column_div av-zero-column-padding  '     ><section  class='av_textblock_section av-jl5bcl6d-2501d6ecc8d658bef2405bf20ae74694 '   itemscope=\"itemscope\" itemtype=\"https:\/\/schema.org\/CreativeWork\" ><div class='avia_textblock'  itemprop=\"text\" ><p>Evonik, Bitmarck, BMWi &#8211; Bundesministerium f\u00fcr Wirtschaft und Energie, IG BCE &#8211;\u00a0Prostep, Sudronic, Deutsche R\u00fcck, RAG AG,\u00a0Contillia, Laux, Rheinische Post, Complott, Deutsche Telekom, DB Systel, Atos<\/p>\n<\/div><\/section><\/div>\n<style type=\"text\/css\" data-created_by=\"avia_inline_auto\" id=\"style-css-av-326q-9b8ae810fb653c9c2b02020ed9f894a0\">\n.flex_column.av-326q-9b8ae810fb653c9c2b02020ed9f894a0{\nborder-radius:0px 0px 0px 0px;\npadding:0px 0px 0px 0px;\n}\n<\/style>\n<div  class='flex_column av-326q-9b8ae810fb653c9c2b02020ed9f894a0 av_one_half  avia-builder-el-10  el_after_av_one_half  avia-builder-el-last  flex_column_div av-zero-column-padding  '     ><section  class='av_textblock_section av-jl5bczo8-93a67c4e5e1adae226820efd46c68854 '   itemscope=\"itemscope\" itemtype=\"https:\/\/schema.org\/CreativeWork\" ><div class='avia_textblock'  itemprop=\"text\" ><\/div><\/section><\/div><\/p>\n","protected":false},"excerpt":{"rendered":"","protected":false},"author":3,"featured_media":0,"parent":0,"menu_order":0,"comment_status":"closed","ping_status":"closed","template":"","meta":{"footnotes":""},"class_list":["post-2","page","type-page","status-publish","hentry"],"_links":{"self":[{"href":"https:\/\/geventi.de\/index.php?rest_route=\/wp\/v2\/pages\/2","targetHints":{"allow":["GET"]}}],"collection":[{"href":"https:\/\/geventi.de\/index.php?rest_route=\/wp\/v2\/pages"}],"about":[{"href":"https:\/\/geventi.de\/index.php?rest_route=\/wp\/v2\/types\/page"}],"author":[{"embeddable":true,"href":"https:\/\/geventi.de\/index.php?rest_route=\/wp\/v2\/users\/3"}],"replies":[{"embeddable":true,"href":"https:\/\/geventi.de\/index.php?rest_route=%2Fwp%2Fv2%2Fcomments&post=2"}],"version-history":[{"count":13,"href":"https:\/\/geventi.de\/index.php?rest_route=\/wp\/v2\/pages\/2\/revisions"}],"predecessor-version":[{"id":40,"href":"https:\/\/geventi.de\/index.php?rest_route=\/wp\/v2\/pages\/2\/revisions\/40"}],"wp:attachment":[{"href":"https:\/\/geventi.de\/index.php?rest_route=%2Fwp%2Fv2%2Fmedia&parent=2"}],"curies":[{"name":"wp","href":"https:\/\/api.w.org\/{rel}","templated":true}]}}